{"id":596,"date":"2020-09-05T19:56:00","date_gmt":"2020-09-05T19:56:00","guid":{"rendered":"http:\/\/halsogardenoland.se\/?page_id=596"},"modified":"2025-06-11T15:32:24","modified_gmt":"2025-06-11T15:32:24","slug":"ridskola-2","status":"publish","type":"page","link":"https:\/\/halsogardenoland.se\/index.php\/ridskola-2\/","title":{"rendered":"Ridskola"},"content":{"rendered":"\n<div class=\"wp-block-group\"><div class=\"wp-block-group__inner-container is-layout-flow wp-block-group-is-layout-flow\">\n<p>                               <\/p>\n<\/div><\/div>\n\n\n\n<div class=\"wp-block-group alignwide\"><div class=\"wp-block-group__inner-container is-layout-flow wp-block-group-is-layout-flow\">\n<div class=\"wp-block-columns alignwide is-layout-flex wp-container-core-columns-is-layout-9d6595d7 wp-block-columns-is-layout-flex\">\n<div class=\"wp-block-column is-layout-flow wp-block-column-is-layout-flow\"><div class=\"wp-block-image\">\n<figure class=\"aligncenter size-full\"><a href=\"http:\/\/halsogardenoland.se\/wp-content\/uploads\/2021\/02\/150824653_240116524323297_4653696868176205863_n.jpg\"><img loading=\"lazy\" decoding=\"async\" width=\"1824\" height=\"1368\" src=\"http:\/\/halsogardenoland.se\/wp-content\/uploads\/2021\/02\/150824653_240116524323297_4653696868176205863_n.jpg\" alt=\"\" class=\"wp-image-648\"\/><\/a><\/figure>\n<\/div>\n\n\n<p class=\"has-text-align-center\">Ridgrupper h\u00f6st- och v\u00e5rtermin f\u00f6r b\u00e5de barn och vuxna.<\/p>\n\n\n\n<div class=\"wp-block-buttons is-content-justification-center is-layout-flex wp-container-core-buttons-is-layout-16018d1d wp-block-buttons-is-layout-flex\">\n<div class=\"wp-block-button is-style-fill\"><a class=\"wp-block-button__link has-text-color wp-element-button\" href=\"http:\/\/halsogardenoland.se\/index.php\/ridskolan\/\" style=\"border-radius:30px;color:#2d865b\">Rida p\u00e5 ridskolan<\/a><\/div>\n<\/div>\n<\/div>\n\n\n\n<div class=\"wp-block-column is-layout-flow wp-block-column-is-layout-flow\"><div class=\"wp-block-image\">\n<figure class=\"aligncenter size-full\"><a href=\"http:\/\/halsogardenoland.se\/wp-content\/uploads\/2022\/09\/301934569_1255909228500101_5338715428882599673_n-1.jpeg\"><img loading=\"lazy\" decoding=\"async\" width=\"1536\" height=\"2048\" src=\"http:\/\/halsogardenoland.se\/wp-content\/uploads\/2022\/09\/301934569_1255909228500101_5338715428882599673_n-1.jpeg\" alt=\"\" class=\"wp-image-768\"\/><\/a><\/figure>\n<\/div>\n\n\n<p class=\"has-text-align-center\">Ridlekis f\u00f6r de yngre barnen, mellan 2 och 7 \u00e5r.<\/p>\n\n\n\n<div class=\"wp-block-buttons is-content-justification-center is-layout-flex wp-container-core-buttons-is-layout-16018d1d wp-block-buttons-is-layout-flex\">\n<div class=\"wp-block-button is-style-fill\"><a class=\"wp-block-button__link has-text-color wp-element-button\" href=\"http:\/\/halsogardenoland.se\/index.php\/ridlekis\/\" style=\"border-radius:50px;color:#2d865b\">Ridlekis<\/a><\/div>\n<\/div>\n<\/div>\n\n\n\n<div class=\"wp-block-column is-layout-flow wp-block-column-is-layout-flow\"><div class=\"wp-block-image is-style-default\">\n<figure class=\"aligncenter size-large\"><img decoding=\"async\" src=\"https:\/\/scontent.fmmx3-1.fna.fbcdn.net\/v\/t39.30808-6\/493273166_1283378977127560_6624790330613302756_n.jpg?stp=cp6_dst-jpg_tt6&amp;_nc_cat=110&amp;ccb=1-7&amp;_nc_sid=833d8c&amp;_nc_ohc=88xVIBs2kbIQ7kNvwEnT2Fl&amp;_nc_oc=Adl1bNqulNLCTGgyBjE6HG4kq5ZGZIc9-E5bg-FhpxnvXu1IRaqyBQQo836RJY1ZYOU&amp;_nc_zt=23&amp;_nc_ht=scontent.fmmx3-1.fna&amp;_nc_gid=ZJ8Bw-ZvoGsPaGaHbM03zg&amp;oh=00_AfO475yHz8JRoSyZ-NutpCxv-Mmi8LgtnE6Trw7oQy3_2g&amp;oe=684F6DC6\" alt=\"\"\/><\/figure>\n<\/div>\n\n\n<p class=\"has-text-align-center\">Drop-in ridning f\u00f6r ridsugna p\u00e5 alla niv\u00e5er. <\/p>\n\n\n\n<div class=\"wp-block-buttons is-content-justification-center is-layout-flex wp-container-core-buttons-is-layout-16018d1d wp-block-buttons-is-layout-flex\">\n<div class=\"wp-block-button is-style-fill\"><a class=\"wp-block-button__link has-text-color wp-element-button\" href=\"http:\/\/halsogardenoland.se\/index.php\/drop-in-ridning\/\" style=\"border-radius:50px;color:#2d865b\">Drop-in ridning<\/a><\/div>\n<\/div>\n<\/div>\n<\/div>\n<\/div><\/div>\n\n\n\n<figure class=\"wp-block-embed is-type-video is-provider-youtube wp-block-embed-youtube wp-embed-aspect-16-9 wp-has-aspect-ratio\"><div class=\"wp-block-embed__wrapper\">\nhttps:\/\/www.youtube.com\/watch?v=tJT0nBtqc0M\n<\/div><\/figure>\n","protected":false},"excerpt":{"rendered":"<p>Ridgrupper h\u00f6st- och v\u00e5rtermin f\u00f6r b\u00e5de barn och vuxna. Ridlekis f\u00f6r de yngre barnen, mellan 2 och 7 \u00e5r. Drop-in ridning f\u00f6r ridsugna p\u00e5 alla niv\u00e5er.<\/p>\n","protected":false},"author":1,"featured_media":0,"parent":0,"menu_order":0,"comment_status":"closed","ping_status":"closed","template":"","meta":{"footnotes":""},"class_list":["post-596","page","type-page","status-publish","hentry"],"_links":{"self":[{"href":"https:\/\/halsogardenoland.se\/index.php\/wp-json\/wp\/v2\/pages\/596","targetHints":{"allow":["GET"]}}],"collection":[{"href":"https:\/\/halsogardenoland.se\/index.php\/wp-json\/wp\/v2\/pages"}],"about":[{"href":"https:\/\/halsogardenoland.se\/index.php\/wp-json\/wp\/v2\/types\/page"}],"author":[{"embeddable":true,"href":"https:\/\/halsogardenoland.se\/index.php\/wp-json\/wp\/v2\/users\/1"}],"replies":[{"embeddable":true,"href":"https:\/\/halsogardenoland.se\/index.php\/wp-json\/wp\/v2\/comments?post=596"}],"version-history":[{"count":17,"href":"https:\/\/halsogardenoland.se\/index.php\/wp-json\/wp\/v2\/pages\/596\/revisions"}],"predecessor-version":[{"id":935,"href":"https:\/\/halsogardenoland.se\/index.php\/wp-json\/wp\/v2\/pages\/596\/revisions\/935"}],"wp:attachment":[{"href":"https:\/\/halsogardenoland.se\/index.php\/wp-json\/wp\/v2\/media?parent=596"}],"curies":[{"name":"wp","href":"https:\/\/api.w.org\/{rel}","templated":true}]}}