{"id":41,"date":"2015-05-08T07:19:27","date_gmt":"2015-05-08T07:19:27","guid":{"rendered":"http:\/\/halsogardenoland.se\/?page_id=41"},"modified":"2015-05-08T10:29:57","modified_gmt":"2015-05-08T10:29:57","slug":"back-on-track","status":"publish","type":"page","link":"https:\/\/halsogardenoland.se\/index.php\/back-on-track\/","title":{"rendered":"Back on Track"},"content":{"rendered":"<h2>S\u00e5 fungerar Back on Track<\/h2>\n<p>Produkterna best\u00e5r av polyester med ett mj\u00f6l av keramik insm\u00e4lt i tr\u00e5darna. Keramiken i produkterna reflekterar v\u00e4rmen fr\u00e5n kroppen. V\u00e4rmen som reflekteras har en v\u00e5gl\u00e4ngd inom det infrar\u00f6da omr\u00e5det (funktionen liknar de tunna r\u00e4ddningfiltarna av metallfolie som finns i ambulanser). V\u00e4rmen leder till en \u00f6kad blodgenomstr\u00f6mning. Detta g\u00f6r att inflammation d\u00e4mpas, l\u00e4kning p\u00e5skyndas och v\u00e4tska (svullnad) transporteras bort.<\/p>\n<h3>V\u00e4rmestr\u00e5lning<\/h3>\n<p>Det \u00e4r v\u00e4l belagt och dokumenterat att l\u00e5ngv\u00e5gig infrar\u00f6d v\u00e4rmestr\u00e5lning \u00f6kar blodcirkulationen. Den \u00f6kande blodcirkulationen i v\u00e4vnaderna luckrar upp muskelsp\u00e4nningar och bidrar till \u00f6kad prestationsf\u00f6rm\u00e5ga. Ett viktigt anv\u00e4ndningsomr\u00e5de \u00e4r den skadef\u00f6rebyggande effekt man f\u00e5r n\u00e4r skydden anv\u00e4nds inf\u00f6r tr\u00e4ning och t\u00e4vling.<\/p>\n<p><img loading=\"lazy\" decoding=\"async\" src=\"http:\/\/halsogardenoland.se\/wp-content\/uploads\/2015\/05\/bot.jpg\" alt=\"bot\" width=\"592\" height=\"408\" class=\"aligncenter size-full wp-image-60\" srcset=\"https:\/\/halsogardenoland.se\/wp-content\/uploads\/2015\/05\/bot.jpg 592w, https:\/\/halsogardenoland.se\/wp-content\/uploads\/2015\/05\/bot-300x207.jpg 300w\" sizes=\"auto, (max-width: 592px) 100vw, 592px\" \/><\/p>\n<h3>Anv\u00e4ndningsr\u00e5d<\/h3>\n<p>Alla Back on Track-produkter ska b\u00f6rja anv\u00e4ndas gradvis. Anv\u00e4nd produkten max 4 timmar de f\u00f6rsta 2-3 dagarna. Kroppen f\u00e5r d\u00e5 m\u00f6jlighet att v\u00e4nja sig vid den effekt som tyget ger.<\/p>\n<p>Anledningen till att vi rekommenderar att man inleder med max 4 timmars anv\u00e4ndning, \u00e4r att en del m\u00e4nniskor upplever sm\u00e4rta i b\u00f6rjan. Hos h\u00e4st och hund yttrar det sig som en svullnad. Detta beror p\u00e5 den \u00f6kade blodgenomstr\u00f6mningen, vilket faktiskt \u00e4r ett gott tecken p\u00e5 det keramiska tygets effekt. Den initiala sm\u00e4rtan eller svullnaden kan uppst\u00e5 redan efter n\u00e5gon eller n\u00e5gra timmars anv\u00e4ndning. Man b\u00f6r d\u00e5 l\u00e5ta bli att anv\u00e4nda produkten mer samma dag och ist\u00e4llet introducera den f\u00f6rsiktigt och mer gradvis de f\u00f6ljande dagarna.<\/p>\n<p>Efter introduktionsperioden b\u00f6r man \u00f6ka anv\u00e4ndningen till minst 8 timmar per dygn, g\u00e4rna l\u00e4ngre. Redan efter n\u00e5gon timme upplevs ofta en positiv inverkan p\u00e5 sp\u00e4nda muskler och stela leder. Mer ih\u00e5llande tillst\u00e5nd kan beh\u00f6va flera dagar, upp till 10-20 dagar, innan man uppn\u00e5r \u00f6nskat resultat.<\/p>\n<p>Efter de inledande 2-3 dagarna \u00e4r det viktigt att forts\u00e4tta anv\u00e4nda produkten intensivt minst 10, g\u00e4rna 20 dagar, innan man utv\u00e4rderar effekten. Eftersom det keramiska tyget reflekterar mer av kroppens v\u00e4rmestr\u00e5lning n\u00e4r vi r\u00f6r p\u00e5 oss, blir effekten st\u00f6rst om vi b\u00e4r produkten n\u00e4r vi \u00e4r aktiva. Men Back on Track verkar \u00e4ven vid vila, ocks\u00e5 n\u00e4r vi sover.<\/p>\n<p>Forts\u00e4tt och anv\u00e4nd produkten enligt det m\u00f6nster du sj\u00e4lv kommer fram till eller anv\u00e4nd den i 2 veckor och g\u00f6r ett uppeh\u00e5ll den 3:e veckan, det senare f\u00f6r att undvika tillv\u00e4njning. K\u00e4nsligheten f\u00f6r denna tillv\u00e4njning \u00e4r individuell. F\u00f6r maximal nytta ska det keramiska tyget vara i direkt kontakt med huden (om n\u00f6dv\u00e4ndigt kan ett tunt bomullstyg l\u00e4ggas mellan).<\/p>\n<p>Notera: F\u00f6rsiktighet rekommenderas vid samtidig anv\u00e4ndning med liniment eller liknande, eftersom effekten d\u00e5 f\u00f6rst\u00e4rks. Anv\u00e4nd produkten endast enligt instruktionerna och r\u00e5dg\u00f6r med l\u00e4kare om symptom kvarst\u00e5r. Anv\u00e4nd ej under graviditet\/dr\u00e4ktighet.<\/p>\n","protected":false},"excerpt":{"rendered":"<p>S\u00e5 fungerar Back on Track Produkterna best\u00e5r av polyester med ett mj\u00f6l av keramik insm\u00e4lt i tr\u00e5darna. Keramiken i produkterna reflekterar v\u00e4rmen fr\u00e5n kroppen. V\u00e4rmen som reflekteras har en v\u00e5gl\u00e4ngd inom det infrar\u00f6da omr\u00e5det (funktionen liknar de tunna r\u00e4ddningfiltarna av metallfolie som finns i ambulanser). V\u00e4rmen leder till en \u00f6kad blodgenomstr\u00f6mning. Detta g\u00f6r att inflammation [&hellip;]<\/p>\n","protected":false},"author":1,"featured_media":0,"parent":0,"menu_order":0,"comment_status":"closed","ping_status":"closed","template":"","meta":{"footnotes":""},"class_list":["post-41","page","type-page","status-publish","hentry"],"_links":{"self":[{"href":"https:\/\/halsogardenoland.se\/index.php\/wp-json\/wp\/v2\/pages\/41","targetHints":{"allow":["GET"]}}],"collection":[{"href":"https:\/\/halsogardenoland.se\/index.php\/wp-json\/wp\/v2\/pages"}],"about":[{"href":"https:\/\/halsogardenoland.se\/index.php\/wp-json\/wp\/v2\/types\/page"}],"author":[{"embeddable":true,"href":"https:\/\/halsogardenoland.se\/index.php\/wp-json\/wp\/v2\/users\/1"}],"replies":[{"embeddable":true,"href":"https:\/\/halsogardenoland.se\/index.php\/wp-json\/wp\/v2\/comments?post=41"}],"version-history":[{"count":2,"href":"https:\/\/halsogardenoland.se\/index.php\/wp-json\/wp\/v2\/pages\/41\/revisions"}],"predecessor-version":[{"id":61,"href":"https:\/\/halsogardenoland.se\/index.php\/wp-json\/wp\/v2\/pages\/41\/revisions\/61"}],"wp:attachment":[{"href":"https:\/\/halsogardenoland.se\/index.php\/wp-json\/wp\/v2\/media?parent=41"}],"curies":[{"name":"wp","href":"https:\/\/api.w.org\/{rel}","templated":true}]}}