{"id":11,"date":"2015-05-08T06:03:44","date_gmt":"2015-05-08T06:03:44","guid":{"rendered":"http:\/\/halsogardenoland.se\/index.php\/home-page\/"},"modified":"2025-10-15T13:40:03","modified_gmt":"2025-10-15T13:40:03","slug":"hem","status":"publish","type":"page","link":"https:\/\/halsogardenoland.se\/","title":{"rendered":""},"content":{"rendered":"\n<div class=\"wp-block-group\"><div class=\"wp-block-group__inner-container is-layout-flow wp-block-group-is-layout-flow\">\n<div class=\"wp-block-cover is-light\"><img loading=\"lazy\" decoding=\"async\" width=\"960\" height=\"720\" class=\"wp-block-cover__image-background wp-image-489\" alt=\"\" src=\"http:\/\/halsogardenoland.se\/wp-content\/uploads\/2020\/02\/12524057_723927407706738_6990740150018916550_n.jpg\" data-object-fit=\"cover\"\/><span aria-hidden=\"true\" class=\"wp-block-cover__background has-background-dim-0 has-background-dim\"><\/span><div class=\"wp-block-cover__inner-container is-layout-flow wp-block-cover-is-layout-flow\">\n<p class=\"has-text-align-center has-large-font-size\"><\/p>\n\n\n\n<p><\/p>\n\n\n\n<p><\/p>\n\n\n\n<p><\/p>\n\n\n\n<p><\/p>\n\n\n\n<p><\/p>\n\n\n\n<p><\/p>\n\n\n\n<p><\/p>\n<\/div><\/div>\n\n\n\n<p class=\"has-text-align-center has-large-font-size\"><strong>H\u00e4lsog\u00e5rdens Ridcenter \u2013 ett h\u00e4stmecka p\u00e5 s\u00f6dra \u00f6land!<\/strong><\/p>\n\n\n\n<div class=\"wp-block-columns is-layout-flex wp-container-core-columns-is-layout-9d6595d7 wp-block-columns-is-layout-flex\">\n<div class=\"wp-block-column is-layout-flow wp-block-column-is-layout-flow\">\n<p class=\"has-text-align-center has-medium-font-size\"><a href=\"https:\/\/halsogardenoland.se\/index.php\/ridlager\/\" data-type=\"URL\" data-id=\"https:\/\/halsogardenoland.se\/index.php\/ridlager-2021\/\">Ridl\u00e4ger 2026<\/a><\/p>\n\n\n\n<figure class=\"wp-block-image size-full\"><a href=\"https:\/\/halsogardenoland.se\/index.php\/ridlager-2021\/\"><img loading=\"lazy\" decoding=\"async\" width=\"2048\" height=\"1366\" src=\"http:\/\/halsogardenoland.se\/wp-content\/uploads\/2022\/11\/ridskoleha\u0308st.jpeg\" alt=\"\" class=\"wp-image-815\"\/><\/a><\/figure>\n<\/div>\n\n\n\n<div class=\"wp-block-column is-layout-flow wp-block-column-is-layout-flow\">\n<p class=\"has-text-align-center has-medium-font-size\"><a href=\"https:\/\/halsogardenoland.se\/index.php\/drop-in-ridning\/\" data-type=\"page\" data-id=\"181\">Drop-in ridning<\/a><\/p>\n\n\n\n<figure class=\"wp-block-image size-full\"><a href=\"https:\/\/halsogardenoland.se\/index.php\/drop-in-ridning\/\"><img loading=\"lazy\" decoding=\"async\" width=\"1170\" height=\"766\" src=\"http:\/\/halsogardenoland.se\/wp-content\/uploads\/2023\/03\/333353797_901045157832594_6250237032377786241_n.jpeg\" alt=\"\" class=\"wp-image-824\"\/><\/a><\/figure>\n<\/div>\n\n\n\n<div class=\"wp-block-column is-layout-flow wp-block-column-is-layout-flow\">\n<p class=\"has-text-align-center has-medium-font-size\"><a href=\"https:\/\/halsogardenoland.se\/index.php\/ridskolan\/\" data-type=\"page\" data-id=\"582\">Ridskolan<\/a><\/p>\n\n\n\n<figure class=\"wp-block-image size-full\"><a href=\"https:\/\/halsogardenoland.se\/index.php\/ridskola\/\"><img loading=\"lazy\" decoding=\"async\" width=\"422\" height=\"422\" src=\"http:\/\/halsogardenoland.se\/wp-content\/uploads\/2020\/09\/silver-1.jpg\" alt=\"\" class=\"wp-image-600\"\/><\/a><\/figure>\n<\/div>\n\n\n\n<div class=\"wp-block-column is-layout-flow wp-block-column-is-layout-flow\">\n<p class=\"has-medium-font-size\"><a href=\"https:\/\/halsogardenoland.se\/index.php\/turridning\/\" data-type=\"page\" data-id=\"183\">Turridning<\/a><\/p>\n\n\n\n<figure class=\"wp-block-image size-full\"><a href=\"https:\/\/halsogardenoland.se\/index.php\/turridning\/\"><img loading=\"lazy\" decoding=\"async\" width=\"2048\" height=\"1536\" src=\"http:\/\/halsogardenoland.se\/wp-content\/uploads\/2020\/08\/93109245_2453525591413569_4980804617471262720_o.jpg\" alt=\"\" class=\"wp-image-546\"\/><\/a><\/figure>\n<\/div>\n\n\n\n<div class=\"wp-block-column is-layout-flow wp-block-column-is-layout-flow\">\n<p class=\"has-medium-font-size\"><a href=\"https:\/\/halsogardenoland.se\/index.php\/privatlektioner\/\" data-type=\"page\" data-id=\"926\">Privatlektioner<\/a><\/p>\n\n\n\n<figure class=\"wp-block-image size-full\"><a href=\"https:\/\/halsogardenoland.se\/index.php\/privatlektioner\/\"><img loading=\"lazy\" decoding=\"async\" width=\"2048\" height=\"1536\" src=\"http:\/\/halsogardenoland.se\/wp-content\/uploads\/2021\/07\/99293499_2559477084151752_6891381082059440128_n.jpeg\" alt=\"\" class=\"wp-image-663\"\/><\/a><\/figure>\n<\/div>\n<\/div>\n\n\n\n<p><\/p>\n\n\n\n<div id=\"pl-11\" class=\"panel-layout\">\n<div id=\"pg-11-0\" class=\"panel-grid panel-has-style\" data-style=\"{&quot;padding&quot;:&quot;30px&quot;,&quot;background&quot;:&quot;#ffffff&quot;,&quot;background_display&quot;:&quot;tile&quot;,&quot;row_stretch&quot;:&quot;full&quot;,&quot;cell_alignment&quot;:&quot;flex-start&quot;}\" data-ratio=\"1\" data-ratio-direction=\"right\">\n<div class=\"siteorigin-panels-stretch panel-row-style panel-row-style-for-11-0\" data-stretch-type=\"full\">\n<div id=\"pgc-11-0-0\" class=\"panel-grid-cell\" data-weight=\"1\">\n<div id=\"panel-11-0-0-0\" class=\"so-panel widget widget_black-studio-tinymce widget_black_studio_tinymce panel-first-child\" data-index=\"0\" data-style=\"{&quot;background&quot;:&quot;#ffffff&quot;,&quot;background_display&quot;:&quot;tile&quot;}\">\n<div class=\"panel-widget-style panel-widget-style-for-11-0-0-0\">\n<div class=\"textwidget\">\n<div id=\"metaslider-id-8\" class=\"ml-slider-3-15-1 metaslider metaslider-flex metaslider-8 ml-slider nav-hidden nav-hidden\" style=\"max-width: 500px; margin: 0 auto;\">\n<div id=\"metaslider_container_8\">\n<div id=\"metaslider_8\" class=\"flexslider\">\n<div class=\"caption-wrap\">\n<div class=\"caption\">&nbsp;<\/div>\n<\/div>\n<ul class=\"slides\" aria-live=\"polite\">\n<li class=\"slide-108 ms-image\" style=\"display: none; width: 100%;\"><img loading=\"lazy\" decoding=\"async\" class=\"slider-8 slide-108\" src=\"http:\/\/halsogardenoland.se\/wp-content\/uploads\/2015\/05\/photo2.jpg\" alt=\"\" width=\"500\" height=\"350\"><\/li>\n<li class=\"slide-109 ms-image\" style=\"display: none; width: 100%;\"><img loading=\"lazy\" decoding=\"async\" class=\"slider-8 slide-109\" src=\"http:\/\/halsogardenoland.se\/wp-content\/uploads\/2015\/05\/photo3.jpg\" alt=\"\" width=\"500\" height=\"350\">\n<div class=\"caption-wrap\">\n<div class=\"caption\">Ridl\u00e4ger<\/div>\n<\/div>\n<\/li>\n<li class=\"slide-110 ms-image\" style=\"display: none; width: 100%;\"><img loading=\"lazy\" decoding=\"async\" class=\"slider-8 slide-110\" src=\"http:\/\/halsogardenoland.se\/wp-content\/uploads\/2015\/05\/photo4.jpg\" alt=\"\" width=\"500\" height=\"350\">\n<div class=\"caption-wrap\">\n<div class=\"caption\">Stallet och klubbhuset med sadelkammare<\/div>\n<\/div>\n<\/li>\n<li class=\"slide-111 ms-image\" style=\"display: none; width: 100%;\"><img loading=\"lazy\" decoding=\"async\" class=\"slider-8 slide-111\" src=\"http:\/\/halsogardenoland.se\/wp-content\/uploads\/2015\/05\/photo5.jpg\" alt=\"\" width=\"500\" height=\"350\">\n<div class=\"caption-wrap\">\n<div class=\"caption\">Bandit \u00e4r en flitig k\u00f6rh\u00e4st<\/div>\n<\/div>\n<\/li>\n<li class=\"slide-112 ms-image\" style=\"display: none; width: 100%;\"><img loading=\"lazy\" decoding=\"async\" class=\"slider-8 slide-112\" src=\"http:\/\/halsogardenoland.se\/wp-content\/uploads\/2015\/05\/photo6.jpg\" alt=\"\" width=\"500\" height=\"350\"><\/li>\n<li class=\"slide-116 ms-image\" style=\"display: none; width: 100%;\"><img loading=\"lazy\" decoding=\"async\" class=\"slider-8 slide-116\" src=\"http:\/\/halsogardenoland.se\/wp-content\/uploads\/2015\/05\/photo7.jpg\" alt=\"\" width=\"500\" height=\"350\">\n<div class=\"caption-wrap\">\n<div class=\"caption\">Duktiga elever i ridlekis-gruppen<\/div>\n<\/div>\n<\/li>\n<\/ul>\n<\/div>\n<\/div>\n<\/div>\n<\/div>\n<\/div>\n<\/div>\n<div id=\"panel-11-0-0-1\" class=\"so-panel widget widget_black-studio-tinymce widget_black_studio_tinymce panel-last-child\" data-index=\"1\" data-style=\"{&quot;background&quot;:&quot;#ffffff&quot;,&quot;background_display&quot;:&quot;tile&quot;}\">\n<div class=\"panel-widget-style panel-widget-style-for-11-0-0-1\">\n<div class=\"textwidget\">\n<h3 style=\"text-align: center;\"><strong>H\u00e4lsog\u00e5rdens Ridcenter &#8211; ett h\u00e4stmecka p\u00e5 s\u00f6dra \u00f6land!<\/strong><\/h3>\n<p style=\"text-align: center;\">H\u00e4r bedriver vi ridskoleverksamhet f\u00f6r alla \u00e5ldrar med trygga h\u00e4star och ponnyer p\u00e5 alla niv\u00e5er. Vi erbjuder \u00e4ven privatlektioner, ridlekis, turridning och drop in ridning. Vi tar emot ponnyer och h\u00e4star f\u00f6r inridning och utbildning.&nbsp;<\/p>\n<p style=\"text-align: center;\">Du hittar oss i Risinge, ca 4km s\u00f6der om M\u00f6rbyl\u00e5nga. H\u00e4r har vi nybyggt ridhus, stor ridbana utomhus, plats f\u00f6r 50 h\u00e4star samt fantastisk natur och ridstigar omkring oss.<\/p>\n<p style=\"text-align: center;\">V\u00e5r anl\u00e4ggning \u00e4r kvalitetsm\u00e4rkt som <strong>S\u00e4ker h\u00e4stverksamhet<\/strong> genom L\u00e4nsf\u00f6rs\u00e4kringar och Agria.<\/p>\n<p>H\u00e4lsog\u00e5rdens Ridcenter is a riding school for all ages with safe horses and ponies at all levels. We also offer private lessons, riding lessons, trail riding and drop-in riding.&nbsp;<br \/>You will find us in Risinge, about 4 km south of M\u00f6rbyl\u00e5nga.<\/p>\n<p>Here we have a newly built riding stable, a large outdoor riding arena, space for 50 horses and fantastic nature and riding trails around us.<\/p>\n<p>Our facility is quality-certified as Safe Horse Operation by L\u00e4nsf\u00f6rs\u00e4kringar and Agria.<\/p>\n<\/div>\n<div class=\"textwidget\">\n<p><img loading=\"lazy\" decoding=\"async\" class=\"aligncenter wp-image-330 size-thumbnail\" src=\"http:\/\/halsogardenoland.se\/wp-content\/uploads\/2018\/04\/EU-flaggaEuropeiskajordbruksfondenf\u00e4rg-150x150.jpg\" alt=\"\" width=\"150\" height=\"150\"><\/p>\n<\/div>\n<\/div>\n<h5 style=\"text-align: center;\">&nbsp;<\/h5>\n<\/div>\n<\/div>\n<\/div>\n<\/div>\n<\/div>\n<\/div><\/div>\n\n\n\n<ul class=\"wp-block-list\">\n<li><\/li>\n<\/ul>\n","protected":false},"excerpt":{"rendered":"<p>H\u00e4lsog\u00e5rdens Ridcenter \u2013 ett h\u00e4stmecka p\u00e5 s\u00f6dra \u00f6land! Ridl\u00e4ger 2026 Drop-in ridning Ridskolan Turridning Privatlektioner &nbsp; Ridl\u00e4ger Stallet och klubbhuset med sadelkammare Bandit \u00e4r en flitig k\u00f6rh\u00e4st Duktiga elever i ridlekis-gruppen H\u00e4lsog\u00e5rdens Ridcenter &#8211; ett h\u00e4stmecka p\u00e5 s\u00f6dra \u00f6land! H\u00e4r bedriver vi ridskoleverksamhet f\u00f6r alla \u00e5ldrar med trygga h\u00e4star och ponnyer p\u00e5 alla niv\u00e5er. Vi [&hellip;]<\/p>\n","protected":false},"author":1,"featured_media":0,"parent":0,"menu_order":0,"comment_status":"closed","ping_status":"closed","template":"","meta":{"footnotes":""},"class_list":["post-11","page","type-page","status-publish","hentry"],"_links":{"self":[{"href":"https:\/\/halsogardenoland.se\/index.php\/wp-json\/wp\/v2\/pages\/11","targetHints":{"allow":["GET"]}}],"collection":[{"href":"https:\/\/halsogardenoland.se\/index.php\/wp-json\/wp\/v2\/pages"}],"about":[{"href":"https:\/\/halsogardenoland.se\/index.php\/wp-json\/wp\/v2\/types\/page"}],"author":[{"embeddable":true,"href":"https:\/\/halsogardenoland.se\/index.php\/wp-json\/wp\/v2\/users\/1"}],"replies":[{"embeddable":true,"href":"https:\/\/halsogardenoland.se\/index.php\/wp-json\/wp\/v2\/comments?post=11"}],"version-history":[{"count":67,"href":"https:\/\/halsogardenoland.se\/index.php\/wp-json\/wp\/v2\/pages\/11\/revisions"}],"predecessor-version":[{"id":992,"href":"https:\/\/halsogardenoland.se\/index.php\/wp-json\/wp\/v2\/pages\/11\/revisions\/992"}],"wp:attachment":[{"href":"https:\/\/halsogardenoland.se\/index.php\/wp-json\/wp\/v2\/media?parent=11"}],"curies":[{"name":"wp","href":"https:\/\/api.w.org\/{rel}","templated":true}]}}